{"id":60,"date":"2026-02-27T17:48:38","date_gmt":"2026-02-27T17:48:38","guid":{"rendered":"https:\/\/theaterspezi.de\/?page_id=60"},"modified":"2026-02-27T17:48:38","modified_gmt":"2026-02-27T17:48:38","slug":"impressum-und-datenschutz","status":"publish","type":"page","link":"https:\/\/theaterspezi.de\/?page_id=60","title":{"rendered":"Impressum und Datenschutz"},"content":{"rendered":"\n<div class=\"wp-block-group alignfull has-accent-4-background-color has-background is-vertical is-content-justification-center is-nowrap is-layout-flex wp-container-core-group-is-layout-2215816d wp-block-group-is-layout-flex\" style=\"min-height:100vh;margin-top:0;margin-bottom:0;padding-top:var(--wp--preset--spacing--50);padding-right:var(--wp--preset--spacing--50);padding-bottom:var(--wp--preset--spacing--50);padding-left:var(--wp--preset--spacing--50)\">\n<div class=\"wp-block-columns alignwide are-vertically-aligned-center is-layout-flex wp-container-core-columns-is-layout-47c06fe3 wp-block-columns-is-layout-flex\">\n<div class=\"wp-block-column is-layout-flow wp-block-column-is-layout-flow\">\n<h2 class=\"wp-block-heading\"><\/h2>\n\n\n\n<p><strong>Impressum<\/strong><br><br>J\u00fcrgen Baumgarten,&nbsp;Schriftsteller<br>Spangenbergstr. 41,&nbsp;21337 L\u00fcneburg<br>Telefon: 04131 50583<br>Telefax: \u2014<br>E-Mail: juergen-baumgarten@t-online.de<br>Verantwortlich f\u00fcr den Inhalt (gem. \u00a7 55 Abs. 2 RStV):<br>J\u00fcrgen Baumgarten, Anschrift siehe oben<\/p>\n\n\n\n<p><strong>Datenschutzerkl\u00e4rung<\/strong>&nbsp;<\/p>\n\n\n\n<p>Die&nbsp;Nutzung meiner Website ist ohne Angabe von personenbezogenen Daten<br>m\u00f6glich. F\u00fcr die Nutzung einzelner Services meiner Seite k\u00f6nnen<br>sich hierf\u00fcr abweichende Regelungen ergeben, die nachstehend<br>gesondert erl\u00e4utert werden. Ihre personenbezogenen Daten (darunter<br>versteht man alle Informationen, mit deren Hilfe eine Person<br>bestimmbar ist, also Angaben, die zu einer bestimmten nat\u00fcrlichen<br>Person zur\u00fcckverfolgt werden k\u00f6nnen) werden von mir gem\u00e4\u00df den<br>Bestimmungen des deutschen Datenschutzrechts erhoben und verarbeitet,<br>n\u00e4mlich nur dann, wenn dies gesetzlich erlaubt ist oder Sie als<br>Nutzer in die Datenerhebung einwilligen. Die rechtlichen Grundlagen<br>des Datenschutzes finden sich in der Datenschutz-Grundverordnung<br>(DSGVO), im Bundesdatenschutzgesetz (BDSG) und im Telemediengesetz<br>(TMG). Im Folgenden informiere ich Sie \u00fcber die Art, den Umfang und<br>Zweck der Erhebung, die Nutzung und die Verarbeitung von<br>personenbezogenen Daten durch den verantwortlichen Anbieter J\u00fcrgen<br>Baumgarten, Spangenbergstr. 41, 21337 L\u00fcneburg \u2013<br><a href=\"mailto:juergen-baumgarten@t-online.de\">juergen-baumgarten@t-online.de<\/a><br>Ich weise darauf hin, dass die internetbasierte Daten\u00fcbertragung<br>Sicherheitsl\u00fccken aufweist, ein l\u00fcckenloser Schutz vor Zugriffen<br>durch Dritte somit unm\u00f6glich ist.&nbsp;<\/p>\n\n\n\n<p><strong>Serverdaten<br><\/strong>Aus&nbsp;technischen Gr\u00fcnden werden u.a. folgende Daten, die Ihr<br>Internet-Browser an mich bzw. an meinen Webspace-Provider<br>\u00fcbermittelt, erfasst (sogenannte Serverlogfiles):&nbsp;<\/p>\n\n\n\n<p>\u2013 Browsertyp und&nbsp;-version&nbsp;<\/p>\n\n\n\n<p>\u2013 verwendetes Betriebssystem&nbsp;<\/p>\n\n\n\n<p>\u2013 Webseite, von der aus Sie&nbsp;mich besuchen (Referrer URL)&nbsp;<\/p>\n\n\n\n<p>\u2013 Webseite, die Sie besuchen&nbsp;<\/p>\n\n\n\n<p>\u2013 Datum und&nbsp;Uhrzeit Ihres Zugriffs&nbsp;<\/p>\n\n\n\n<p>\u2013 Ihre Internet Protokoll (IP)-Adresse.&nbsp;<\/p>\n\n\n\n<p>Diese&nbsp;anonymen Daten werden getrennt von Ihren eventuell angegebenen<br>personenbezogenen Daten gespeichert und lassen so keine R\u00fcckschl\u00fcsse<br>auf eine bestimmte Person zu. Der Anbieter verwendet die<br>Protokolldaten nur f\u00fcr statistische Auswertungen zum Zweck des<br>Betriebs, der Sicherheit und der Optimierung des Angebotes. Der<br>Anbieter beh\u00e4lt sich jedoch vor, die Protokolldaten nachtr\u00e4glich zu<br>\u00fcberpr\u00fcfen, wenn aufgrund konkreter Anhaltspunkte der berechtigte<br>Verdacht einer rechtswidrigen Nutzung besteht.&nbsp;<\/p>\n\n\n\n<p><strong>Kontaktm\u00f6glichkeit<br><\/strong>Ich&nbsp;biete Ihnen auf meiner Seite die M\u00f6glichkeit, mit mir per E-Mail in<br>Verbindung zu treten. In diesem Fall werden die von Ihnen gemachten<br>Angaben zum Zwecke der Bearbeitung Ihrer Anfrage gespeichert. Eine<br>Weitergabe an Dritte erfolgt nicht. Ein Abgleich der so erhobenen<br>Daten mit Daten, die m\u00f6glicherweise durch andere Komponenten meiner<br>Seite erhoben werden, erfolgt ebenfalls nicht.&nbsp;<\/p>\n\n\n\n<p><strong>Einbindung&nbsp;von Diensten und Inhalten Dritter&nbsp;<\/strong><\/p>\n\n\n\n<p>Auf&nbsp;meiner Webseite setze ich hin und wieder Inhalte Dritter ein, wie zum<br>Beispiel Videos von YouTube. Damit dies funktioniert, ist es<br>technisch erforderlich, dass die Anbieter dieser Inhalte die<br>IP-Adresse des Nutzers erfahren, denn nur dann k\u00f6nnen besagte<br>Anbieter den jeweiligen Inhalt an den Browser des jeweiligen Nutzers<br>senden. Bei Einbindung von Videos des Unternehmens YouTube, LLC 901<br>Cherry Ave., 94066 San Bruno, CA, USA, einem Unternehmen der Google<br>Inc., Amphitheatre Parkway, Mountain View, CA 94043, USA, nutze ich<br>nach M\u00f6glichkeit die von YouTube zur Verf\u00fcgung gestellte Option<br>\u201eerweiterter Datenschutzmodus\u201c. Laut den Angaben von<br>YouTube bewirkt dieser \u201eerweiterte Datenschutzmodus\u201c, dass<br>nur dann Daten an die YouTube-Server \u00fcbermittelt werden, wenn Sie<br>sich das Video anschauen. Sind Sie gleichzeitig bei YouTube<br>eingeloggt, werden diese Informationen Ihrem Mitgliedskonto bei<br>YouTube zugeordnet. Dies k\u00f6nnen Sie verhindern, indem Sie sich vor<br>dem Besuch meiner Website von Ihrem Mitgliedskonto abmelden. Weitere<br>Informationen zum Datenschutz von YouTube werden von Google unter dem<br>folgenden Link bereitgestellt:<br>https:\/\/www.google.de\/intl\/de\/policies\/privacy\/&nbsp;<\/p>\n\n\n\n<p><strong>Newsletter<br><\/strong>Ich&nbsp;biete Ihnen auf meiner Seite die M\u00f6glichkeit, meinen kostenlosen<br>Newsletter zu abonnieren. Mit diesem Newsletter informiere ich in<br>unregelm\u00e4\u00dfigen Abst\u00e4nden \u00fcber meine Angebote. Um meinen<br>Newsletter empfangen zu k\u00f6nnen, m\u00fcssen Sie eine g\u00fcltige<br>E-Mailadresse angeben. Nach der Anmeldung wird per Double-Opt-In (das<br>hei\u00dft, Sie erhalten eine Best\u00e4tigungsmail \u00fcber Ihre Anmeldung, die<br>Sie durch Anklicken eines darin enthaltenen Links Ihrerseits<br>best\u00e4tigen m\u00fcssen) \u00fcberpr\u00fcft, ob Sie tats\u00e4chlich der Inhaber der<br>angegebenen E-Mail-Adresse sind bzw. als deren Inhaber das Abonnement<br>des Newsletters autorisiert haben. Mit Ihrer Anmeldung zu meinem<br>Newsletter wird Ihre IP-Adresse und das Datum sowie die Uhrzeit Ihrer<br>Anmeldung gespeichert. Dies dient in dem Fall, dass ein Dritter Ihre<br>E-Mail-Adresse missbraucht und ohne Ihr Wissen meinen Newsletter<br>abonniert, als Absicherung meinerseits. Weitere personenbezogene<br>Daten werden meinerseits nicht erhoben. Die so erhobenen Daten werden<br>ausschlie\u00dflich f\u00fcr den Bezug meines Newsletters verwendet. Eine<br>Weitergabe an Dritte erfolgt nicht. Ein Abgleich der so erhobenen<br>Daten mit Daten, die m\u00f6glicherweise durch andere Komponenten meiner<br>Seite erhoben werden, erfolgt ebenfalls nicht. Meine Newsletter<br>k\u00f6nnen sog. Z\u00e4hlpixel (Web-Bugs) enthalten, anhand derer sich<br>erkennen l\u00e4sst, ob und wann eine E-Mail ge\u00f6ffnet wurde und welchen<br>Links in der E-Mail der jeweilige Empf\u00e4nger gefolgt ist (sogenanntes<br>\u201eTracking\u201c). Die so erhobenen Daten werden gespeichert und<br>erm\u00f6glichen es mir, meine Newsletter besser auf die Interessen<br>meiner Abonnenten auszurichten, z.B. indem ich daraus erkenne, dass<br>ein bestimmtes Thema auf eher geringes Interesse st\u00f6\u00dft. Das<br>Abonnement meines Newsletters k\u00f6nnen Sie jederzeit k\u00fcndigen.<br>Einzelheiten hierzu finden Sie der Best\u00e4tigungsmail, au\u00dferdem<br>enth\u00e4lt jeder Newsletter enth\u00e4lt einen Link, \u00fcber den Sie ihn<br>wieder abbestellen k\u00f6nnen. Wenn Sie Ihre Einwilligung zum Erhalt des<br>Newsletters widerrufen, wird auch die Einwilligung zum vorgenannten<br>Tracking widerrufen.&nbsp;<\/p>\n\n\n\n<p><strong>Auskunft\/Widerruf\/L\u00f6schung&nbsp;<\/strong><\/p>\n\n\n\n<p>Sie&nbsp;k\u00f6nnen sich auf Grundlage des Bundesdatenschutzgesetzes mit Fragen<br>zu Erhebung, Verarbeitung oder Nutzung Ihrer personenbezogenen Daten<br>und deren Berichtigung, Sperrung, L\u00f6schung oder einem Widerruf einer<br>erteilten Einwilligung unentgeltlich an mich wenden. Ich weise darauf<br>hin, dass Ihnen ein Recht auf Berichtigung falscher Daten oder<br>L\u00f6schung personenbezogener Daten zusteht, soweit dem keine<br>gesetzliche Aufbewahrungspflicht entgegensteht.&nbsp;<\/p>\n<\/div>\n<\/div>\n<\/div>\n","protected":false},"excerpt":{"rendered":"<p>Impressum J\u00fcrgen Baumgarten,&nbsp;SchriftstellerSpangenbergstr. 41,&nbsp;21337 L\u00fcneburgTelefon: 04131 50583Telefax: \u2014E-Mail: juergen-baumgarten@t-online.deVerantwortlich f\u00fcr den Inhalt (gem. \u00a7 55 Abs. 2 RStV):J\u00fcrgen Baumgarten, Anschrift siehe oben Datenschutzerkl\u00e4rung&nbsp; Die&nbsp;Nutzung meiner Website ist ohne Angabe von personenbezogenen Datenm\u00f6glich. F\u00fcr die Nutzung einzelner Services meiner Seite k\u00f6nnensich hierf\u00fcr abweichende Regelungen ergeben, die nachstehendgesondert erl\u00e4utert werden. Ihre personenbezogenen Daten (darunterversteht man alle Informationen, [&hellip;]<\/p>\n","protected":false},"author":1,"featured_media":0,"parent":0,"menu_order":0,"comment_status":"closed","ping_status":"closed","template":"","meta":{"footnotes":""},"class_list":["post-60","page","type-page","status-publish","hentry"],"_links":{"self":[{"href":"https:\/\/theaterspezi.de\/index.php?rest_route=\/wp\/v2\/pages\/60","targetHints":{"allow":["GET"]}}],"collection":[{"href":"https:\/\/theaterspezi.de\/index.php?rest_route=\/wp\/v2\/pages"}],"about":[{"href":"https:\/\/theaterspezi.de\/index.php?rest_route=\/wp\/v2\/types\/page"}],"author":[{"embeddable":true,"href":"https:\/\/theaterspezi.de\/index.php?rest_route=\/wp\/v2\/users\/1"}],"replies":[{"embeddable":true,"href":"https:\/\/theaterspezi.de\/index.php?rest_route=%2Fwp%2Fv2%2Fcomments&post=60"}],"version-history":[{"count":1,"href":"https:\/\/theaterspezi.de\/index.php?rest_route=\/wp\/v2\/pages\/60\/revisions"}],"predecessor-version":[{"id":61,"href":"https:\/\/theaterspezi.de\/index.php?rest_route=\/wp\/v2\/pages\/60\/revisions\/61"}],"wp:attachment":[{"href":"https:\/\/theaterspezi.de\/index.php?rest_route=%2Fwp%2Fv2%2Fmedia&parent=60"}],"curies":[{"name":"wp","href":"https:\/\/api.w.org\/{rel}","templated":true}]}}